{"id":6133,"date":"2018-04-24T17:03:09","date_gmt":"2018-04-24T14:03:09","guid":{"rendered":"https:\/\/www.liberlaoferte.ro\/?page_id=6133"},"modified":"2022-06-18T19:37:46","modified_gmt":"2022-06-18T16:37:46","slug":"termenii-si-conditiile-de-utilizare","status":"publish","type":"page","link":"https:\/\/www.liberlaoferte.ro\/en\/termenii-si-conditiile-de-utilizare\/","title":{"rendered":"Termenii \u015fi condi\u0163iile de utilizare a site-ului Liberlaoferte.ro"},"content":{"rendered":"<p style=\"text-align: left;\"><strong>ACCEPTAREA CONDI\u0162IILOR<\/strong><\/p>\n<p style=\"text-align: left;\">Accesul \u0219i utilizarea website-ului sunt supuse urm\u0103toarelor reguli, \u00een termenii \u0219i condi\u021biile de mai jos. Utilizarea website-ului \u00een calitate de vizitator, precum \u0219i accesul la serviciile oferite de acesta presupun\u00a0 acceptarea tuturor termenilor \u0219i condi\u021biilor.<\/p>\n<p style=\"text-align: left;\">Dac\u0103 nu sunte\u021bi de acord sau nu accepta\u021bi Condi\u021biile de Utilizare a acestui website v\u0103 rug\u0103m s\u0103 \u00eel p\u0103r\u0103si\u021bi.<\/p>\n<p style=\"text-align: left;\"><strong>DREPTURI DE AUTOR \u0218I PROPRIETATE INTELECTUAL\u0102<\/strong><\/p>\n<p style=\"text-align: left;\">Niciun material de pe acest website nu poate fi reprodus par\u021bial, integral sau modificat f\u0103r\u0103 permisiunea explicit\u0103, scris\u0103 a Liberlaoferte.ro la adresa contact@liberlaoferte.ro.<\/p>\n<p style=\"text-align: left;\">Con\u021binutul acestui website, textele, grafica, fotografiile, logo-urile \u0219i orice alte materiale prezente pe website sunt protejate de legea dreptului de autor \u0219i sunt proprietatea Liberlaoferte.ro.<\/p>\n<p style=\"text-align: left;\"><strong>REGULAMENTUL GENERAL DE PROTEC\u0162IE A DATELOR<\/strong><\/p>\n<p style=\"text-align: left;\"><span style=\"color: #000000;\"><strong>Regulamentul General de Protec\u021bie a Datelor<\/strong><\/span> (GDPR) a fost\u00a0<strong>aprobat <\/strong>de Parlamentul European la\u00a0<strong>14 aprilie 2016<\/strong>\u00a0.\u00a0Acesta va intra \u00een vigoare la 20 de zile de la data public\u0103rii sale \u00een Jurnalul Oficial al UE \u0219i va fi aplicat direct \u00een toate statele membre la <strong>doi ani dup\u0103 aceast\u0103 dat\u0103<\/strong>.\u00a0Data de executare:\u00a0<strong>25 mai 2018.<\/strong><\/p>\n<p style=\"text-align: left;\">GDPR aduce elemente de noutate introduc\u00e2nd drepturi noi pentru persoanele vizate \u0219i consolideaz\u0103 unele dintre drepturile care existau deja \u00een legisla\u021bia european\u0103. Astfel, persoanele fizice vizate de prelucrarea datelor au urm\u0103toarele drepturi generale:<\/p>\n<p style=\"text-align: left;\"><strong>\u2666 Dreptul de a fi informat<\/strong><\/p>\n<p style=\"text-align: left;\"><strong>\u2666 Dreptul de acces<\/strong><\/p>\n<p style=\"text-align: left;\"><strong>\u2666 Dreptul la rectificare<\/strong><\/p>\n<p style=\"text-align: left;\"><strong>\u2666 Dreptul de \u015ftergere<\/strong><\/p>\n<p style=\"text-align: left;\"><strong>\u2666 Dreptul de a restric\u0163iona procesarea<\/strong><\/p>\n<p style=\"text-align: left;\"><strong>\u2666 Dreptul la portabilitatea datelor<\/strong><\/p>\n<p style=\"text-align: left;\"><strong>\u2666 Dreptul la obiec\u0163ie<\/strong><\/p>\n<p style=\"text-align: left;\">Scopul colect\u0103rii datelor este de a avea acces usor la contul tau, informarea utilizatorilor cu privire la promo\u0163ii \u015fi oferte, concursuri \u015fi campanii organizate de Liberlaoferte.ro.<\/p>\n<p style=\"text-align: left;\"><strong>DEZABONARE NEWSLETTER<\/strong><\/p>\n<p style=\"text-align: left;\">Dac\u0103 ve\u0163i dori s\u0103 v\u0103 dezabona\u0163i de la Newsletterul Liberlaoferte \u015fi s\u0103 nu mai primi\u0163i mesaje din partea noastr\u0103, o pute\u0163i face cu un simplu click pe linkul de jos a oric\u0103rui newsletter, sau pute\u0163i solicita oric\u00e2nd prin trimterea unui mesaj catre contact@liberlaoferte.ro stergerea datelor dvs. din baza noastr\u0103 de date.<\/p>\n<p style=\"text-align: left;\"><strong>SET\u0102RI DE CONFIGURARE A BROWSER-ului<\/strong><\/p>\n<p style=\"text-align: left;\">Pentru a bloca unul sau mai multe fisiere, Utilizatorul poate schimba setarile de configurare ale browser-ului. Pasii pentru cele mai utilizate browsere sunt:<\/p>\n<p style=\"text-align: left;\">\u2666 daca browser-ul Utilizatorului este Microsoft Internet Explorer: Utilizatorul poate da click pe &#8222;Instrumente&#8221;, in coltul superior al navigatorului sau poate selecta &#8222;Optiuni de Internet&#8221; si apoi va da click pe &#8222;Confidentialitate&#8221;. Utilizatorul va selecta setarile pe care le doreste, apoi va selecta &#8222;Aplica&#8221; si &#8222;Accepta\/OK&#8221;.;<\/p>\n<p style=\"text-align: left;\">\u2666 daca browser-ul Utilizatorului este Mozilla Firefox: in meniul navigatorului, Utilizatorul va selecta &#8222;Optiuni&#8221;, apoi va accesa meniul &#8222;Confidentialitate&#8221;, iar in meniul care va aparea, va alege &#8222;Configurare personalizata a istoricului&#8221;. Utilizatorul va alege setarile pe care le doreste, apoi va da &#8222;OK\/Acceptare&#8221;.;<\/p>\n<p style=\"text-align: left;\">\u2666 daca browser-ul este Google Chrome: Utilizatorul va accesa meniul Chrome, care este situat in coltul superior dreapta, va da &#8222;Configurare&#8221;, unde va da apoi click. Utilizatorul va alege setarile pe care le doreste, apoi va apasa &#8222;OK\u201d.;<\/p>\n<p style=\"text-align: left;\">\u2666 daca browser-ul utilizat este Safari: Utilizatorul va selecta &#8222;Preferinte&#8221;. In panoul respectiv va selecta &#8222;Confidentialitate&#8221;, iar apoi va realiza setarile pe care le doreste, urmand a da &#8222;OK&#8221;.<\/p>\n<p style=\"text-align: left;\"><strong>DESCRIEREA SERVICIILOR<\/strong><\/p>\n<p style=\"text-align: left;\">Liberlaoferte.ro pune la dispozi\u0163ie informa\u0163iile din acest site web \u00een scop informativ general, \u015fi nu garanteaz\u0103 de exactitatea lor la un moment dat, de\u015fi se va \u00eencerca pe c\u00e2t posibil ca la publicarea lor pe site toate informa\u0163iile s\u0103 fie exacte.<\/p>\n<p style=\"text-align: left;\"><strong>NEANGAJAREA R\u0102SPUNDERII<\/strong><\/p>\n<p style=\"text-align: left;\">Liberlaoferte.ro nu poate fi f\u0103cut r\u0103spunz\u0103tor \u00een niciun fel de pierderile sau daunele pe care cineva le-ar putea suferi ca urmare a folosirii \u00een vreun fel a informa\u0163iilor prezentate \u00een acest site web. Acestea sunt prezentate \u00een scop informativ,\u00a0 fiind considerate utile.<\/p>\n<p style=\"text-align: left;\"><strong>REGULI GENERALE<\/strong><\/p>\n<p style=\"text-align: left;\">Orice utilizator care viziteaz\u0103 acest site o face pe propria r\u0103spundere. Materialele \u015fi informa\u0163iile con\u0163inute \u00een acest site sunt furnizate \u00een scop de informare general\u0103, nefiind \u00eensotite de niciun fel de garan\u0163ii, explicite sau implicite. Cand efectuati clic pe butonul inscriptionat Like, actiunea dumneavoastra va avea drept urmare inregistrarea in evidentele Facebook.<\/p>\n<p style=\"text-align: left;\"><strong>LIMIT\u0102RI DE ORDIN TEHNIC ALE SERVICIILOR<\/strong><\/p>\n<p style=\"text-align: left;\">Liberlaoferte.ro nu \u00ee\u015fi asum\u0103 nicio responsabilitate \u00een cazul \u00een care serviciile site-ului nu pot fi accesate de c\u0103tre utilizatori, pe o perioada nelimitat\u0103\/nedeterminat\u0103 de timp, din orice motive tehnice.<\/p>\n<p style=\"text-align: left;\"><strong>INCHEIEREA ACORDULUI<\/strong><\/p>\n<p style=\"text-align: left;\">Liberlaoferte.ro \u00ee\u015fi rezerv\u0103 dreptul de a schimba termenii, condi\u0163iile \u015fi politicile \u00een orice moment f\u0103r\u0103 a anun\u0163a \u00een prealabil, prin urmare sunte\u0163i ruga\u0163i s\u0103 revede\u0163i \u00een mod regulat aceast\u0103 sec\u0163iune pentru a fi la curent cu modific\u0103rile aduse.<\/p>\n<p style=\"text-align: left;\">Actualizat:\u00a0 25 Mai 2018.<\/p>","protected":false},"excerpt":{"rendered":"<p>ACCEPTAREA CONDI\u0162IILOR Accesul \u0219i utilizarea website-ului sunt supuse urm\u0103toarelor reguli, \u00een termenii \u0219i condi\u021biile de mai jos. Utilizarea website-ului \u00een calitate de vizitator, precum \u0219i accesul la serviciile oferite de acesta presupun\u00a0 acceptarea tuturor termenilor \u0219i condi\u021biilor. Dac\u0103 nu sunte\u021bi de acord sau nu accepta\u021bi Condi\u021biile de Utilizare a acestui website v\u0103 rug\u0103m s\u0103 \u00eel<\/p>","protected":false},"author":1,"featured_media":0,"parent":0,"menu_order":0,"comment_status":"closed","ping_status":"closed","template":"","meta":{"footnotes":""},"class_list":["post-6133","page","type-page","status-publish"],"_links":{"self":[{"href":"https:\/\/www.liberlaoferte.ro\/en\/wp-json\/wp\/v2\/pages\/6133","targetHints":{"allow":["GET"]}}],"collection":[{"href":"https:\/\/www.liberlaoferte.ro\/en\/wp-json\/wp\/v2\/pages"}],"about":[{"href":"https:\/\/www.liberlaoferte.ro\/en\/wp-json\/wp\/v2\/types\/page"}],"author":[{"embeddable":true,"href":"https:\/\/www.liberlaoferte.ro\/en\/wp-json\/wp\/v2\/users\/1"}],"replies":[{"embeddable":true,"href":"https:\/\/www.liberlaoferte.ro\/en\/wp-json\/wp\/v2\/comments?post=6133"}],"version-history":[{"count":0,"href":"https:\/\/www.liberlaoferte.ro\/en\/wp-json\/wp\/v2\/pages\/6133\/revisions"}],"wp:attachment":[{"href":"https:\/\/www.liberlaoferte.ro\/en\/wp-json\/wp\/v2\/media?parent=6133"}],"curies":[{"name":"wp","href":"https:\/\/api.w.org\/{rel}","templated":true}]}}