{"id":7523,"date":"2019-10-09T11:58:39","date_gmt":"2019-10-09T08:58:39","guid":{"rendered":"https:\/\/www.liberlaoferte.ro\/?page_id=7523"},"modified":"2023-10-25T20:45:59","modified_gmt":"2023-10-25T17:45:59","slug":"contact","status":"publish","type":"page","link":"https:\/\/www.liberlaoferte.ro\/en\/contact\/","title":{"rendered":"Contact"},"content":{"rendered":"\t\t<div data-elementor-type=\"wp-page\" data-elementor-id=\"7523\" class=\"elementor elementor-7523\">\n\t\t\t\t\t\t<section class=\"elementor-section elementor-top-section elementor-element elementor-element-31db503f elementor-section-boxed elementor-section-height-default elementor-section-height-default\" data-id=\"31db503f\" data-element_type=\"section\" data-e-type=\"section\">\n\t\t\t\t\t\t<div class=\"elementor-container elementor-column-gap-default\">\n\t\t\t\t\t<div class=\"elementor-column elementor-col-100 elementor-top-column elementor-element elementor-element-1dad3a52\" data-id=\"1dad3a52\" data-element_type=\"column\" data-e-type=\"column\">\n\t\t\t<div class=\"elementor-widget-wrap elementor-element-populated\">\n\t\t\t\t\t\t<div class=\"elementor-element elementor-element-63d77b03 elementor-widget elementor-widget-text-editor\" data-id=\"63d77b03\" data-element_type=\"widget\" data-e-type=\"widget\" data-widget_type=\"text-editor.default\">\n\t\t\t\t<div class=\"elementor-widget-container\">\n\t\t\t\t\t\t\t\t\t\n<div class=\"wp-block-spacer\" style=\"height: 50px;\" aria-hidden=\"true\">\u00a0<\/div>\n\n<p class=\"has-text-align-center\" style=\"font-size: 18px;\"><strong>Contacteaz\u0103 <em>Liber la Oferte<\/em> pentru toate informa\u021biile de care ai nevoie. Completeaz\u0103 formularul, iar \u00een cel mai scurt timp vom lua leg\u0103tura cu tine. <\/strong><\/p>\n\n<p class=\"has-text-align-center\" style=\"font-size: 18px;\"><strong>Ne po\u021bi contacta \u0219i pe Facebook pe pagina dedicat\u0103:<\/strong> <strong><a href=\"https:\/\/www.facebook.com\/liberlaoferte.ro\/\" target=\"_blank\" rel=\"noopener\">Liber la Oferte<\/a><\/strong><\/p>\n\n<p class=\"has-text-align-center\" style=\"font-size: 18px;\"><strong>Adres\u0103 e-mail: contact@liberlaoferte.ro<\/strong><\/p>\n\n<div class=\"wp-block-columns is-layout-flex wp-container-core-columns-is-layout-01629885 wp-block-columns-is-layout-flex\" style=\"padding: var(--wp--preset--spacing--50);\">\n<div class=\"wp-block-column is-layout-flow wp-block-column-is-layout-flow\" style=\"flex-basis: 50%;\">\n<div class=\"wpforms-container wpforms-container-full\" id=\"wpforms-7522\">\n<form id=\"wpforms-form-7522\" class=\"wpforms-validate wpforms-form\" data-formid=\"7522\" method=\"post\" enctype=\"multipart\/form-data\" action=\"\/en\/wp-json\/wp\/v2\/pages\/7523\" data-token=\"241bdcd0e0c2073e1df4327cba80bb00\" data-token-time=\"1776293880\"><noscript class=\"wpforms-error-noscript\">Please enable JavaScript in your browser to complete this form.<\/noscript><\/p>\n<div class=\"wpforms-field-container\">\n<div id=\"wpforms-7522-field_0-container\" class=\"wpforms-field wpforms-field-name\" data-field-id=\"0\"><label class=\"wpforms-field-label\" for=\"wpforms-7522-field_0\">Nume <span class=\"wpforms-required-label\">*<\/span><\/label><\/p>\n<div class=\"wpforms-field-row wpforms-field-medium\">\n<div class=\"wpforms-field-row-block wpforms-first wpforms-one-half\"><input type=\"text\" id=\"wpforms-7522-field_0\" class=\"wpforms-field-name-first wpforms-field-required\" name=\"wpforms[fields][0][first]\" placeholder=\"Prenume\" required><label for=\"wpforms-7522-field_0\" class=\"wpforms-field-sublabel after wpforms-sublabel-hide\">First<\/label><\/div>\n<div class=\"wpforms-field-row-block wpforms-one-half\"><input type=\"text\" id=\"wpforms-7522-field_0-last\" class=\"wpforms-field-name-last wpforms-field-required\" name=\"wpforms[fields][0][last]\" placeholder=\"Nume\" required><label for=\"wpforms-7522-field_0-last\" class=\"wpforms-field-sublabel after wpforms-sublabel-hide\">Last<\/label><\/div>\n<\/div>\n<\/div>\n<div id=\"wpforms-7522-field_1-container\" class=\"wpforms-field wpforms-field-email\" data-field-id=\"1\"><label class=\"wpforms-field-label\" for=\"wpforms-7522-field_1\">Email <span class=\"wpforms-required-label\">*<\/span><\/label><input type=\"email\" id=\"wpforms-7522-field_1\" class=\"wpforms-field-medium wpforms-field-required\" name=\"wpforms[fields][1]\" spellcheck=\"false\" required><\/div>\n<div id=\"wpforms-7522-field_7-container\" class=\"wpforms-field wpforms-field-radio\" data-field-id=\"7\"><label class=\"wpforms-field-label\">Vreau s\u0103:<\/label><\/p>\n<ul id=\"wpforms-7522-field_7\">\n<li class=\"choice-1 depth-1\"><input type=\"radio\" id=\"wpforms-7522-field_7_1\" name=\"wpforms[fields][7]\" value=\"Public articol\"  ><label class=\"wpforms-field-label-inline\" for=\"wpforms-7522-field_7_1\">Public articol<\/label><\/li>\n<li class=\"choice-2 depth-1\"><input type=\"radio\" id=\"wpforms-7522-field_7_2\" name=\"wpforms[fields][7]\" value=\"Contactez un editor\"  ><label class=\"wpforms-field-label-inline\" for=\"wpforms-7522-field_7_2\">Contactez un editor<\/label><\/li>\n<li class=\"choice-3 depth-1\"><input type=\"radio\" id=\"wpforms-7522-field_7_3\" name=\"wpforms[fields][7]\" value=\"Pl\u0103tesc abonament\"  ><label class=\"wpforms-field-label-inline\" for=\"wpforms-7522-field_7_3\">Pl\u0103tesc abonament<\/label><\/li>\n<\/ul>\n<\/div>\n<div id=\"wpforms-7522-field_2-container\" class=\"wpforms-field wpforms-field-textarea\" data-field-id=\"2\"><label class=\"wpforms-field-label\" for=\"wpforms-7522-field_2\">Adaug\u0103 comentariul <span class=\"wpforms-required-label\">*<\/span><\/label><textarea id=\"wpforms-7522-field_2\" class=\"wpforms-field-medium wpforms-field-required\" name=\"wpforms[fields][2]\" required><\/textarea><\/div>\n<\/div>\n<p><!-- .wpforms-field-container --><\/p>\n<div class=\"wpforms-field wpforms-field-hp\"><label for=\"wpforms-7522-field-hp\" class=\"wpforms-field-label\">Name<\/label><input type=\"text\" name=\"wpforms[hp]\" id=\"wpforms-7522-field-hp\" class=\"wpforms-field-medium\"><\/div>\n<div class=\"wpforms-recaptcha-container wpforms-is-recaptcha wpforms-is-recaptcha-type-v2\" >\n<div class=\"g-recaptcha\" data-sitekey=\"6LecT08UAAAAAIGrLaMDUa2NLaenVvnTkpBq08m9\"><\/div>\n<p><input type=\"text\" name=\"g-recaptcha-hidden\" class=\"wpforms-recaptcha-hidden\" style=\"position:absolute!important;clip:rect(0,0,0,0)!important;height:1px!important;width:1px!important;border:0!important;overflow:hidden!important;padding:0!important;margin:0!important;\" data-rule-recaptcha=\"1\"><\/div>\n<div class=\"wpforms-submit-container\" ><input type=\"hidden\" name=\"wpforms[id]\" value=\"7522\"><input type=\"hidden\" name=\"page_title\" value=\"\"><input type=\"hidden\" name=\"page_url\" value=\"https:\/\/www.liberlaoferte.ro\/en\/wp-json\/wp\/v2\/pages\/7523\"><input type=\"hidden\" name=\"url_referer\" value=\"\"><button type=\"submit\" name=\"wpforms[submit]\" id=\"wpforms-submit-7522\" class=\"wpforms-submit\" data-alt-text=\"Se trimite...\" data-submit-text=\"Trimite\" aria-live=\"assertive\" value=\"wpforms-submit\">Trimite<\/button><\/div>\n<\/form>\n<\/div>\n<p>  <!-- .wpforms-container --> <\/p>\n<\/div>\n\n<div class=\"wp-block-column is-layout-flow wp-block-column-is-layout-flow\" style=\"flex-basis: 50%;\">\n<p class=\"has-white-color has-vivid-cyan-blue-background-color has-text-color has-background has-large-font-size\"><strong>COMPANIE <\/strong><\/p>\n\n<p class=\"has-white-color has-vivid-cyan-blue-background-color has-text-color has-background\" style=\"font-size: 20px;\"><strong>S.C Publi Media Soft S.R.L<\/strong><\/p>\n\n<p class=\"has-white-color has-vivid-cyan-blue-background-color has-text-color has-background\" style=\"font-size: 20px;\"><strong>Sediu social: Str. Magazia G\u0103rii, Nr. 12, Foc\u0219ani, VN.<\/strong><\/p>\n\n<p class=\"has-white-color has-vivid-cyan-blue-background-color has-text-color has-background\" style=\"font-size: 20px;\"><strong>CUI: 42174126<\/strong><\/p>\n\n<p class=\"has-white-color has-vivid-cyan-blue-background-color has-text-color has-background\" style=\"font-size: 20px;\"><strong>Nr. \u00eenmatriculare: J39\/69\/2020<\/strong><\/p>\n<\/div>\n<\/div>\n\t\t\t\t\t\t\t\t<\/div>\n\t\t\t\t<\/div>\n\t\t\t\t\t<\/div>\n\t\t<\/div>\n\t\t\t\t\t<\/div>\n\t\t<\/section>\n\t\t\t\t<\/div>\n\t\t","protected":false},"excerpt":{"rendered":"<p>Contacteaz\u0103 Liber la Oferte pentru toate informa\u021biile de care ai nevoie. Completeaz\u0103 formularul, iar \u00een cel mai scurt timp vom lua leg\u0103tura cu tine. Ne po\u021bi contacta \u0219i pe Facebook pe pagina dedicat\u0103: Liber la Oferte Adres\u0103 e-mail: contact@liberlaoferte.ro COMPANIE S.C Publi Media Soft S.R.L Sediu social: Str. Magazia G\u0103rii, Nr. 12, Foc\u0219ani, VN. CUI:<\/p>","protected":false},"author":1,"featured_media":0,"parent":0,"menu_order":0,"comment_status":"closed","ping_status":"closed","template":"elementor_header_footer","meta":{"footnotes":""},"class_list":["post-7523","page","type-page","status-publish"],"_links":{"self":[{"href":"https:\/\/www.liberlaoferte.ro\/en\/wp-json\/wp\/v2\/pages\/7523","targetHints":{"allow":["GET"]}}],"collection":[{"href":"https:\/\/www.liberlaoferte.ro\/en\/wp-json\/wp\/v2\/pages"}],"about":[{"href":"https:\/\/www.liberlaoferte.ro\/en\/wp-json\/wp\/v2\/types\/page"}],"author":[{"embeddable":true,"href":"https:\/\/www.liberlaoferte.ro\/en\/wp-json\/wp\/v2\/users\/1"}],"replies":[{"embeddable":true,"href":"https:\/\/www.liberlaoferte.ro\/en\/wp-json\/wp\/v2\/comments?post=7523"}],"version-history":[{"count":0,"href":"https:\/\/www.liberlaoferte.ro\/en\/wp-json\/wp\/v2\/pages\/7523\/revisions"}],"wp:attachment":[{"href":"https:\/\/www.liberlaoferte.ro\/en\/wp-json\/wp\/v2\/media?parent=7523"}],"curies":[{"name":"wp","href":"https:\/\/api.w.org\/{rel}","templated":true}]}}